{"id":2088,"date":"2024-10-20T07:09:32","date_gmt":"2024-10-20T05:09:32","guid":{"rendered":"https:\/\/nunuestudio.com\/aviso-legal\/"},"modified":"2024-12-14T13:35:41","modified_gmt":"2024-12-14T12:35:41","slug":"avis-legal","status":"publish","type":"page","link":"https:\/\/nunuestudio.com\/ca\/avis-legal\/","title":{"rendered":"Av\u00eds legal"},"content":{"rendered":"\t\t<div data-elementor-type=\"wp-page\" data-elementor-id=\"2088\" class=\"elementor elementor-2088 elementor-425\" data-elementor-post-type=\"page\">\n\t\t\t\t<div class=\"elementor-element elementor-element-33e8bb5 e-flex e-con-boxed wpr-particle-no wpr-jarallax-no wpr-parallax-no wpr-sticky-section-no e-con e-parent\" data-id=\"33e8bb5\" data-element_type=\"container\" data-e-type=\"container\">\n\t\t\t\t\t<div class=\"e-con-inner\">\n\t\t<div class=\"elementor-element elementor-element-e2f3987 e-con-full e-flex wpr-particle-no wpr-jarallax-no wpr-parallax-no wpr-sticky-section-no e-con e-child\" data-id=\"e2f3987\" data-element_type=\"container\" data-e-type=\"container\">\n\t\t\t\t<div class=\"elementor-element elementor-element-c4a4fe2 elementor-widget elementor-widget-heading\" data-id=\"c4a4fe2\" data-element_type=\"widget\" data-e-type=\"widget\" data-widget_type=\"heading.default\">\n\t\t\t\t<div class=\"elementor-widget-container\">\n\t\t\t\t\t<h1 class=\"elementor-heading-title elementor-size-default\">Aviso Legal<\/h1>\t\t\t\t<\/div>\n\t\t\t\t<\/div>\n\t\t\t\t<\/div>\n\t\t\t\t\t<\/div>\n\t\t\t\t<\/div>\n\t\t<div class=\"elementor-element elementor-element-5772684 e-flex e-con-boxed wpr-particle-no wpr-jarallax-no wpr-parallax-no wpr-sticky-section-no e-con e-parent\" data-id=\"5772684\" data-element_type=\"container\" data-e-type=\"container\" data-settings=\"{&quot;background_background&quot;:&quot;classic&quot;}\">\n\t\t\t\t\t<div class=\"e-con-inner\">\n\t\t<div class=\"elementor-element elementor-element-01b97b8 e-con-full e-flex wpr-particle-no wpr-jarallax-no wpr-parallax-no wpr-sticky-section-no e-con e-child\" data-id=\"01b97b8\" data-element_type=\"container\" data-e-type=\"container\">\n\t\t\t\t<div class=\"elementor-element elementor-element-04d3369 textLegalVB elementor-widget elementor-widget-text-editor\" data-id=\"04d3369\" data-element_type=\"widget\" data-e-type=\"widget\" data-widget_type=\"text-editor.default\">\n\t\t\t\t<div class=\"elementor-widget-container\">\n\t\t\t\t\t\t\t\t\t<p>1. Informaci\u00f3n General En cumplimiento de la Ley 34\/2002 de Servicios de la Sociedad de la Informaci\u00f3n y de Comercio Electr\u00f3nico (LSSI-CE), se informa a los usuarios del sitio web nunuestudio.com que el titular del mismo es NUNUE SITGES SL, con CIF B64871205 y domicilio en Av. Cam\u00ed dels Capellans 87, Baixos, 08870 Sitges. Correo electr\u00f3nico de contacto: info@nunuestudio.com.<\/p><p>2. Condiciones de Uso El acceso y uso del sitio web implica la aceptaci\u00f3n de las siguientes condiciones:<\/p><ul><li>El acceso al sitio es libre y gratuito, salvo en aquellos servicios o apartados que requieran registro previo.<\/li><li>El usuario se compromete a utilizar el sitio de forma l\u00edcita y adecuada, respetando las leyes vigentes y los derechos de terceros.<\/li><li>NUNUE SITGES SL se reserva el derecho a modificar el contenido y dise\u00f1o del sitio web en cualquier momento sin previo aviso.<\/li><\/ul><p>3. Propiedad Intelectual Todos los contenidos del sitio web, incluyendo textos, im\u00e1genes, dise\u00f1os, y logotipos, est\u00e1n protegidos por derechos de propiedad intelectual y son titularidad de NUNUE SITGES SL o de sus licenciantes. Queda prohibida la reproducci\u00f3n total o parcial de los mismos sin el consentimiento expreso del titular.<\/p><p>4. Responsabilidad El titular del sitio web no se hace responsable de los da\u00f1os o perjuicios derivados del uso del sitio, como errores o interrupciones en el acceso, virus u otros elementos maliciosos.<\/p><p>5. Enlaces a Terceros El sitio web puede contener enlaces a sitios de terceros. NUNUE SITGES SL no se responsabiliza por el contenido, pol\u00edticas de privacidad o pr\u00e1cticas de esos sitios web.<\/p><p>6. Legislaci\u00f3n Aplicable y Jurisdicci\u00f3n Las presentes condiciones se regir\u00e1n e interpretar\u00e1n de acuerdo con la legislaci\u00f3n espa\u00f1ola. Cualquier controversia ser\u00e1 sometida a los juzgados y tribunales de Sitges, salvo que la normativa aplicable disponga otra cosa.<\/p>\t\t\t\t\t\t\t\t<\/div>\n\t\t\t\t<\/div>\n\t\t\t\t<\/div>\n\t\t\t\t\t<\/div>\n\t\t\t\t<\/div>\n\t\t\t\t<\/div>\n\t\t","protected":false},"excerpt":{"rendered":"<p>Aviso Legal 1. Informaci\u00f3n General En cumplimiento de la Ley 34\/2002 de Servicios de la Sociedad de la Informaci\u00f3n y de Comercio Electr\u00f3nico (LSSI-CE), se informa a los usuarios del sitio web nunuestudio.com que el titular del mismo es NUNUE SITGES SL, con CIF B64871205 y domicilio en Av. Cam\u00ed dels Capellans 87, Baixos, 08870 Sitges. Correo electr\u00f3nico de contacto: info@nunuestudio.com. 2. Condiciones de Uso El acceso y uso del sitio web implica la aceptaci\u00f3n de las siguientes condiciones: El acceso al sitio es libre y gratuito, salvo en aquellos servicios o apartados que requieran registro previo. El usuario se compromete a utilizar el sitio de forma l\u00edcita y adecuada, respetando las leyes vigentes y los derechos de terceros. NUNUE SITGES SL se reserva el derecho a modificar el contenido y dise\u00f1o del sitio web en cualquier momento sin previo aviso. 3. Propiedad Intelectual Todos los contenidos del sitio web, incluyendo textos, im\u00e1genes, dise\u00f1os, y logotipos, est\u00e1n protegidos por derechos de propiedad intelectual y son titularidad de NUNUE SITGES SL o de sus licenciantes. Queda prohibida la reproducci\u00f3n total o parcial de los mismos sin el consentimiento expreso del titular. 4. Responsabilidad El titular del sitio web no se hace responsable de los da\u00f1os o perjuicios derivados del uso del sitio, como errores o interrupciones en el acceso, virus u otros elementos maliciosos. 5. Enlaces a Terceros El sitio web puede contener enlaces a sitios de terceros. NUNUE SITGES SL no se responsabiliza por el contenido, pol\u00edticas de privacidad o pr\u00e1cticas de esos sitios web. 6. Legislaci\u00f3n Aplicable y Jurisdicci\u00f3n Las presentes condiciones se regir\u00e1n e interpretar\u00e1n de acuerdo con la legislaci\u00f3n espa\u00f1ola. Cualquier controversia ser\u00e1 sometida a los juzgados y tribunales de Sitges, salvo que la normativa aplicable disponga otra cosa.<\/p>\n","protected":false},"author":5,"featured_media":0,"parent":0,"menu_order":0,"comment_status":"closed","ping_status":"closed","template":"elementor_header_footer","meta":{"_acf_changed":false,"_joinchat":[],"footnotes":""},"class_list":["post-2088","page","type-page","status-publish","hentry"],"acf":[],"yoast_head":"<!-- This site is optimized with the Yoast SEO plugin v25.6 - https:\/\/yoast.com\/wordpress\/plugins\/seo\/ -->\n<title>Av\u00eds legal - Nunue Studio | Proyectos de Interiorismo y Paisajismo<\/title>\n<meta name=\"robots\" content=\"index, follow, max-snippet:-1, max-image-preview:large, max-video-preview:-1\" \/>\n<link rel=\"canonical\" href=\"https:\/\/nunuestudio.com\/ca\/avis-legal\/\" \/>\n<meta property=\"og:locale\" content=\"ca_ES\" \/>\n<meta property=\"og:type\" content=\"article\" \/>\n<meta property=\"og:title\" content=\"Av\u00eds legal - Nunue Studio | Proyectos de Interiorismo y Paisajismo\" \/>\n<meta property=\"og:description\" content=\"Aviso Legal 1. Informaci\u00f3n General En cumplimiento de la Ley 34\/2002 de Servicios de la Sociedad de la Informaci\u00f3n y de Comercio Electr\u00f3nico (LSSI-CE), se informa a los usuarios del sitio web nunuestudio.com que el titular del mismo es NUNUE SITGES SL, con CIF B64871205 y domicilio en Av. Cam\u00ed dels Capellans 87, Baixos, 08870 Sitges. Correo electr\u00f3nico de contacto: info@nunuestudio.com. 2. Condiciones de Uso El acceso y uso del sitio web implica la aceptaci\u00f3n de las siguientes condiciones: El acceso al sitio es libre y gratuito, salvo en aquellos servicios o apartados que requieran registro previo. El usuario se compromete a utilizar el sitio de forma l\u00edcita y adecuada, respetando las leyes vigentes y los derechos de terceros. NUNUE SITGES SL se reserva el derecho a modificar el contenido y dise\u00f1o del sitio web en cualquier momento sin previo aviso. 3. Propiedad Intelectual Todos los contenidos del sitio web, incluyendo textos, im\u00e1genes, dise\u00f1os, y logotipos, est\u00e1n protegidos por derechos de propiedad intelectual y son titularidad de NUNUE SITGES SL o de sus licenciantes. Queda prohibida la reproducci\u00f3n total o parcial de los mismos sin el consentimiento expreso del titular. 4. Responsabilidad El titular del sitio web no se hace responsable de los da\u00f1os o perjuicios derivados del uso del sitio, como errores o interrupciones en el acceso, virus u otros elementos maliciosos. 5. Enlaces a Terceros El sitio web puede contener enlaces a sitios de terceros. NUNUE SITGES SL no se responsabiliza por el contenido, pol\u00edticas de privacidad o pr\u00e1cticas de esos sitios web. 6. Legislaci\u00f3n Aplicable y Jurisdicci\u00f3n Las presentes condiciones se regir\u00e1n e interpretar\u00e1n de acuerdo con la legislaci\u00f3n espa\u00f1ola. Cualquier controversia ser\u00e1 sometida a los juzgados y tribunales de Sitges, salvo que la normativa aplicable disponga otra cosa.\" \/>\n<meta property=\"og:url\" content=\"https:\/\/nunuestudio.com\/ca\/avis-legal\/\" \/>\n<meta property=\"og:site_name\" content=\"Nunue Studio | Proyectos de Interiorismo y Paisajismo\" \/>\n<meta property=\"article:modified_time\" content=\"2024-12-14T12:35:41+00:00\" \/>\n<meta name=\"twitter:card\" content=\"summary_large_image\" \/>\n<meta name=\"twitter:label1\" content=\"Temps estimat de lectura\" \/>\n\t<meta name=\"twitter:data1\" content=\"2 minuts\" \/>\n<!-- \/ Yoast SEO plugin. -->","yoast_head_json":{"title":"Av\u00eds legal - Nunue Studio | Proyectos de Interiorismo y Paisajismo","robots":{"index":"index","follow":"follow","max-snippet":"max-snippet:-1","max-image-preview":"max-image-preview:large","max-video-preview":"max-video-preview:-1"},"canonical":"https:\/\/nunuestudio.com\/ca\/avis-legal\/","og_locale":"ca_ES","og_type":"article","og_title":"Av\u00eds legal - Nunue Studio | Proyectos de Interiorismo y Paisajismo","og_description":"Aviso Legal 1. Informaci\u00f3n General En cumplimiento de la Ley 34\/2002 de Servicios de la Sociedad de la Informaci\u00f3n y de Comercio Electr\u00f3nico (LSSI-CE), se informa a los usuarios del sitio web nunuestudio.com que el titular del mismo es NUNUE SITGES SL, con CIF B64871205 y domicilio en Av. Cam\u00ed dels Capellans 87, Baixos, 08870 Sitges. Correo electr\u00f3nico de contacto: info@nunuestudio.com. 2. Condiciones de Uso El acceso y uso del sitio web implica la aceptaci\u00f3n de las siguientes condiciones: El acceso al sitio es libre y gratuito, salvo en aquellos servicios o apartados que requieran registro previo. El usuario se compromete a utilizar el sitio de forma l\u00edcita y adecuada, respetando las leyes vigentes y los derechos de terceros. NUNUE SITGES SL se reserva el derecho a modificar el contenido y dise\u00f1o del sitio web en cualquier momento sin previo aviso. 3. Propiedad Intelectual Todos los contenidos del sitio web, incluyendo textos, im\u00e1genes, dise\u00f1os, y logotipos, est\u00e1n protegidos por derechos de propiedad intelectual y son titularidad de NUNUE SITGES SL o de sus licenciantes. Queda prohibida la reproducci\u00f3n total o parcial de los mismos sin el consentimiento expreso del titular. 4. Responsabilidad El titular del sitio web no se hace responsable de los da\u00f1os o perjuicios derivados del uso del sitio, como errores o interrupciones en el acceso, virus u otros elementos maliciosos. 5. Enlaces a Terceros El sitio web puede contener enlaces a sitios de terceros. NUNUE SITGES SL no se responsabiliza por el contenido, pol\u00edticas de privacidad o pr\u00e1cticas de esos sitios web. 6. Legislaci\u00f3n Aplicable y Jurisdicci\u00f3n Las presentes condiciones se regir\u00e1n e interpretar\u00e1n de acuerdo con la legislaci\u00f3n espa\u00f1ola. Cualquier controversia ser\u00e1 sometida a los juzgados y tribunales de Sitges, salvo que la normativa aplicable disponga otra cosa.","og_url":"https:\/\/nunuestudio.com\/ca\/avis-legal\/","og_site_name":"Nunue Studio | Proyectos de Interiorismo y Paisajismo","article_modified_time":"2024-12-14T12:35:41+00:00","twitter_card":"summary_large_image","twitter_misc":{"Temps estimat de lectura":"2 minuts"},"schema":{"@context":"https:\/\/schema.org","@graph":[{"@type":"WebPage","@id":"https:\/\/nunuestudio.com\/ca\/avis-legal\/","url":"https:\/\/nunuestudio.com\/ca\/avis-legal\/","name":"Av\u00eds legal - Nunue Studio | Proyectos de Interiorismo y Paisajismo","isPartOf":{"@id":"https:\/\/nunuestudio.com\/ca\/#website"},"datePublished":"2024-10-20T05:09:32+00:00","dateModified":"2024-12-14T12:35:41+00:00","breadcrumb":{"@id":"https:\/\/nunuestudio.com\/ca\/avis-legal\/#breadcrumb"},"inLanguage":"ca","potentialAction":[{"@type":"ReadAction","target":["https:\/\/nunuestudio.com\/ca\/avis-legal\/"]}]},{"@type":"BreadcrumbList","@id":"https:\/\/nunuestudio.com\/ca\/avis-legal\/#breadcrumb","itemListElement":[{"@type":"ListItem","position":1,"name":"Portada","item":"https:\/\/nunuestudio.com\/ca\/inicio-4\/"},{"@type":"ListItem","position":2,"name":"Av\u00eds legal"}]},{"@type":"WebSite","@id":"https:\/\/nunuestudio.com\/ca\/#website","url":"https:\/\/nunuestudio.com\/ca\/","name":"Nunue Studio | Proyectos de Interiorismo y Paisajismo","description":"Tu Idea, Nuestro Dise\u00f1o. Estudio de Interiorismo con estilo Mediterr\u00e1neo y Paisajismo Sitges, Barcelona, Costa Brava, Empord\u00e0 y Girona | Tienda de muebles","publisher":{"@id":"https:\/\/nunuestudio.com\/ca\/#organization"},"potentialAction":[{"@type":"SearchAction","target":{"@type":"EntryPoint","urlTemplate":"https:\/\/nunuestudio.com\/ca\/?s={search_term_string}"},"query-input":{"@type":"PropertyValueSpecification","valueRequired":true,"valueName":"search_term_string"}}],"inLanguage":"ca"}]}},"_links":{"self":[{"href":"https:\/\/nunuestudio.com\/ca\/wp-json\/wp\/v2\/pages\/2088"}],"collection":[{"href":"https:\/\/nunuestudio.com\/ca\/wp-json\/wp\/v2\/pages"}],"about":[{"href":"https:\/\/nunuestudio.com\/ca\/wp-json\/wp\/v2\/types\/page"}],"author":[{"embeddable":true,"href":"https:\/\/nunuestudio.com\/ca\/wp-json\/wp\/v2\/users\/5"}],"replies":[{"embeddable":true,"href":"https:\/\/nunuestudio.com\/ca\/wp-json\/wp\/v2\/comments?post=2088"}],"version-history":[{"count":0,"href":"https:\/\/nunuestudio.com\/ca\/wp-json\/wp\/v2\/pages\/2088\/revisions"}],"wp:attachment":[{"href":"https:\/\/nunuestudio.com\/ca\/wp-json\/wp\/v2\/media?parent=2088"}],"curies":[{"name":"wp","href":"https:\/\/api.w.org\/{rel}","templated":true}]}}