{"id":2091,"date":"2024-10-18T00:49:57","date_gmt":"2024-10-17T22:49:57","guid":{"rendered":"https:\/\/nunuestudio.com\/politica-privacidad\/"},"modified":"2024-12-14T13:35:51","modified_gmt":"2024-12-14T12:35:51","slug":"politica-de-privacitat","status":"publish","type":"page","link":"https:\/\/nunuestudio.com\/ca\/politica-de-privacitat\/","title":{"rendered":"Pol\u00edtica de privacitat"},"content":{"rendered":"\t\t<div data-elementor-type=\"wp-page\" data-elementor-id=\"2091\" class=\"elementor elementor-2091 elementor-67\" data-elementor-post-type=\"page\">\n\t\t\t\t<div class=\"elementor-element elementor-element-33e8bb5 e-flex e-con-boxed wpr-particle-no wpr-jarallax-no wpr-parallax-no wpr-sticky-section-no e-con e-parent\" data-id=\"33e8bb5\" data-element_type=\"container\" data-e-type=\"container\">\n\t\t\t\t\t<div class=\"e-con-inner\">\n\t\t<div class=\"elementor-element elementor-element-e2f3987 e-con-full e-flex wpr-particle-no wpr-jarallax-no wpr-parallax-no wpr-sticky-section-no e-con e-child\" data-id=\"e2f3987\" data-element_type=\"container\" data-e-type=\"container\">\n\t\t\t\t<div class=\"elementor-element elementor-element-c4a4fe2 elementor-widget elementor-widget-heading\" data-id=\"c4a4fe2\" data-element_type=\"widget\" data-e-type=\"widget\" data-widget_type=\"heading.default\">\n\t\t\t\t<div class=\"elementor-widget-container\">\n\t\t\t\t\t<h1 class=\"elementor-heading-title elementor-size-default\">Pol\u00edtica de Privacidad<\/h1>\t\t\t\t<\/div>\n\t\t\t\t<\/div>\n\t\t\t\t<\/div>\n\t\t\t\t\t<\/div>\n\t\t\t\t<\/div>\n\t\t<div class=\"elementor-element elementor-element-5772684 e-flex e-con-boxed wpr-particle-no wpr-jarallax-no wpr-parallax-no wpr-sticky-section-no e-con e-parent\" data-id=\"5772684\" data-element_type=\"container\" data-e-type=\"container\" data-settings=\"{&quot;background_background&quot;:&quot;classic&quot;}\">\n\t\t\t\t\t<div class=\"e-con-inner\">\n\t\t<div class=\"elementor-element elementor-element-01b97b8 e-con-full e-flex wpr-particle-no wpr-jarallax-no wpr-parallax-no wpr-sticky-section-no e-con e-child\" data-id=\"01b97b8\" data-element_type=\"container\" data-e-type=\"container\">\n\t\t\t\t<div class=\"elementor-element elementor-element-04d3369 textLegalVB elementor-widget elementor-widget-text-editor\" data-id=\"04d3369\" data-element_type=\"widget\" data-e-type=\"widget\" data-widget_type=\"text-editor.default\">\n\t\t\t\t<div class=\"elementor-widget-container\">\n\t\t\t\t\t\t\t\t\t<p>1. Identidad del Responsable del Tratamiento El responsable del tratamiento de los datos recogidos a trav\u00e9s del sitio web nunuestudio.com es NUNUE SITGES SL, con CIF B64871205 y domicilio en Av. Cam\u00ed dels Capellans 87, Baixos, 08870 Sitges.<\/p><p>2. Datos Recogidos Los datos personales recogidos a trav\u00e9s del sitio web se limitar\u00e1n a aquellos necesarios para la prestaci\u00f3n de los servicios solicitados por los usuarios, como nombre, correo electr\u00f3nico, tel\u00e9fono y cualquier otro dato proporcionado a trav\u00e9s de los formularios de contacto.<\/p><p>3. Finalidad del Tratamiento Los datos personales ser\u00e1n tratados con las siguientes finalidades:<\/p><ul><li>Responder a las solicitudes de informaci\u00f3n enviadas a trav\u00e9s del sitio web.<\/li><li>Gesti\u00f3n y seguimiento de proyectos o servicios solicitados.<\/li><li>Env\u00edo de comunicaciones comerciales, en caso de haberlo autorizado expresamente.<\/li><\/ul><p>4. Legitimaci\u00f3n del Tratamiento El tratamiento de los datos personales se basa en el consentimiento del usuario, que se considera otorgado al completar y enviar los formularios de contacto disponibles en el sitio web.<\/p><p>5. Cesi\u00f3n de Datos Los datos personales no ser\u00e1n cedidos a terceros salvo obligaci\u00f3n legal o en los casos necesarios para la prestaci\u00f3n del servicio solicitado.<\/p><p>6. Derechos de los Usuarios Los usuarios tienen derecho a:<\/p><ul><li>Acceder a sus datos personales.<\/li><li>Solicitar la rectificaci\u00f3n o supresi\u00f3n de sus datos.<\/li><li>Limitar u oponerse al tratamiento de sus datos.<\/li><li>Solicitar la portabilidad de los datos. Para ejercer estos derechos, los usuarios pueden enviar un correo electr\u00f3nico a info@nunuestudio.com o dirigirse por escrito a NUNUE SITGES SL, Av. Cam\u00ed dels Capellans 87, Baixos, 08870 Sitges.<\/li><\/ul><p>7. Conservaci\u00f3n de los Datos Los datos personales ser\u00e1n conservados mientras se mantenga la relaci\u00f3n contractual o comercial, o durante el tiempo necesario para cumplir con las obligaciones legales aplicables.<\/p><p>8. Medidas de Seguridad NUNUE SITGES SL implementa las medidas t\u00e9cnicas y organizativas necesarias para garantizar la seguridad de los datos personales y evitar su alteraci\u00f3n, p\u00e9rdida, tratamiento o acceso no autorizado.<\/p>\t\t\t\t\t\t\t\t<\/div>\n\t\t\t\t<\/div>\n\t\t\t\t<\/div>\n\t\t\t\t\t<\/div>\n\t\t\t\t<\/div>\n\t\t\t\t<\/div>\n\t\t","protected":false},"excerpt":{"rendered":"<p>Pol\u00edtica de Privacidad 1. Identidad del Responsable del Tratamiento El responsable del tratamiento de los datos recogidos a trav\u00e9s del sitio web nunuestudio.com es NUNUE SITGES SL, con CIF B64871205 y domicilio en Av. Cam\u00ed dels Capellans 87, Baixos, 08870 Sitges. 2. Datos Recogidos Los datos personales recogidos a trav\u00e9s del sitio web se limitar\u00e1n a aquellos necesarios para la prestaci\u00f3n de los servicios solicitados por los usuarios, como nombre, correo electr\u00f3nico, tel\u00e9fono y cualquier otro dato proporcionado a trav\u00e9s de los formularios de contacto. 3. Finalidad del Tratamiento Los datos personales ser\u00e1n tratados con las siguientes finalidades: Responder a las solicitudes de informaci\u00f3n enviadas a trav\u00e9s del sitio web. Gesti\u00f3n y seguimiento de proyectos o servicios solicitados. Env\u00edo de comunicaciones comerciales, en caso de haberlo autorizado expresamente. 4. Legitimaci\u00f3n del Tratamiento El tratamiento de los datos personales se basa en el consentimiento del usuario, que se considera otorgado al completar y enviar los formularios de contacto disponibles en el sitio web. 5. Cesi\u00f3n de Datos Los datos personales no ser\u00e1n cedidos a terceros salvo obligaci\u00f3n legal o en los casos necesarios para la prestaci\u00f3n del servicio solicitado. 6. Derechos de los Usuarios Los usuarios tienen derecho a: Acceder a sus datos personales. Solicitar la rectificaci\u00f3n o supresi\u00f3n de sus datos. Limitar u oponerse al tratamiento de sus datos. Solicitar la portabilidad de los datos. Para ejercer estos derechos, los usuarios pueden enviar un correo electr\u00f3nico a info@nunuestudio.com o dirigirse por escrito a NUNUE SITGES SL, Av. Cam\u00ed dels Capellans 87, Baixos, 08870 Sitges. 7. Conservaci\u00f3n de los Datos Los datos personales ser\u00e1n conservados mientras se mantenga la relaci\u00f3n contractual o comercial, o durante el tiempo necesario para cumplir con las obligaciones legales aplicables. 8. Medidas de Seguridad NUNUE SITGES SL implementa las medidas t\u00e9cnicas y organizativas necesarias para garantizar la seguridad de los datos personales y evitar su alteraci\u00f3n, p\u00e9rdida, tratamiento o acceso no autorizado.<\/p>\n","protected":false},"author":5,"featured_media":0,"parent":0,"menu_order":0,"comment_status":"closed","ping_status":"closed","template":"elementor_header_footer","meta":{"_acf_changed":false,"_joinchat":[],"footnotes":""},"class_list":["post-2091","page","type-page","status-publish","hentry"],"acf":[],"yoast_head":"<!-- This site is optimized with the Yoast SEO plugin v25.6 - https:\/\/yoast.com\/wordpress\/plugins\/seo\/ -->\n<title>Pol\u00edtica de privacitat - Nunue Studio | Proyectos de Interiorismo y Paisajismo<\/title>\n<meta name=\"robots\" content=\"index, follow, max-snippet:-1, max-image-preview:large, max-video-preview:-1\" \/>\n<link rel=\"canonical\" href=\"https:\/\/nunuestudio.com\/ca\/politica-de-privacitat\/\" \/>\n<meta property=\"og:locale\" content=\"ca_ES\" \/>\n<meta property=\"og:type\" content=\"article\" \/>\n<meta property=\"og:title\" content=\"Pol\u00edtica de privacitat - Nunue Studio | Proyectos de Interiorismo y Paisajismo\" \/>\n<meta property=\"og:description\" content=\"Pol\u00edtica de Privacidad 1. Identidad del Responsable del Tratamiento El responsable del tratamiento de los datos recogidos a trav\u00e9s del sitio web nunuestudio.com es NUNUE SITGES SL, con CIF B64871205 y domicilio en Av. Cam\u00ed dels Capellans 87, Baixos, 08870 Sitges. 2. Datos Recogidos Los datos personales recogidos a trav\u00e9s del sitio web se limitar\u00e1n a aquellos necesarios para la prestaci\u00f3n de los servicios solicitados por los usuarios, como nombre, correo electr\u00f3nico, tel\u00e9fono y cualquier otro dato proporcionado a trav\u00e9s de los formularios de contacto. 3. Finalidad del Tratamiento Los datos personales ser\u00e1n tratados con las siguientes finalidades: Responder a las solicitudes de informaci\u00f3n enviadas a trav\u00e9s del sitio web. Gesti\u00f3n y seguimiento de proyectos o servicios solicitados. Env\u00edo de comunicaciones comerciales, en caso de haberlo autorizado expresamente. 4. Legitimaci\u00f3n del Tratamiento El tratamiento de los datos personales se basa en el consentimiento del usuario, que se considera otorgado al completar y enviar los formularios de contacto disponibles en el sitio web. 5. Cesi\u00f3n de Datos Los datos personales no ser\u00e1n cedidos a terceros salvo obligaci\u00f3n legal o en los casos necesarios para la prestaci\u00f3n del servicio solicitado. 6. Derechos de los Usuarios Los usuarios tienen derecho a: Acceder a sus datos personales. Solicitar la rectificaci\u00f3n o supresi\u00f3n de sus datos. Limitar u oponerse al tratamiento de sus datos. Solicitar la portabilidad de los datos. Para ejercer estos derechos, los usuarios pueden enviar un correo electr\u00f3nico a info@nunuestudio.com o dirigirse por escrito a NUNUE SITGES SL, Av. Cam\u00ed dels Capellans 87, Baixos, 08870 Sitges. 7. Conservaci\u00f3n de los Datos Los datos personales ser\u00e1n conservados mientras se mantenga la relaci\u00f3n contractual o comercial, o durante el tiempo necesario para cumplir con las obligaciones legales aplicables. 8. Medidas de Seguridad NUNUE SITGES SL implementa las medidas t\u00e9cnicas y organizativas necesarias para garantizar la seguridad de los datos personales y evitar su alteraci\u00f3n, p\u00e9rdida, tratamiento o acceso no autorizado.\" \/>\n<meta property=\"og:url\" content=\"https:\/\/nunuestudio.com\/ca\/politica-de-privacitat\/\" \/>\n<meta property=\"og:site_name\" content=\"Nunue Studio | Proyectos de Interiorismo y Paisajismo\" \/>\n<meta property=\"article:modified_time\" content=\"2024-12-14T12:35:51+00:00\" \/>\n<meta name=\"twitter:card\" content=\"summary_large_image\" \/>\n<meta name=\"twitter:label1\" content=\"Temps estimat de lectura\" \/>\n\t<meta name=\"twitter:data1\" content=\"2 minuts\" \/>\n<!-- \/ Yoast SEO plugin. -->","yoast_head_json":{"title":"Pol\u00edtica de privacitat - Nunue Studio | Proyectos de Interiorismo y Paisajismo","robots":{"index":"index","follow":"follow","max-snippet":"max-snippet:-1","max-image-preview":"max-image-preview:large","max-video-preview":"max-video-preview:-1"},"canonical":"https:\/\/nunuestudio.com\/ca\/politica-de-privacitat\/","og_locale":"ca_ES","og_type":"article","og_title":"Pol\u00edtica de privacitat - Nunue Studio | Proyectos de Interiorismo y Paisajismo","og_description":"Pol\u00edtica de Privacidad 1. Identidad del Responsable del Tratamiento El responsable del tratamiento de los datos recogidos a trav\u00e9s del sitio web nunuestudio.com es NUNUE SITGES SL, con CIF B64871205 y domicilio en Av. Cam\u00ed dels Capellans 87, Baixos, 08870 Sitges. 2. Datos Recogidos Los datos personales recogidos a trav\u00e9s del sitio web se limitar\u00e1n a aquellos necesarios para la prestaci\u00f3n de los servicios solicitados por los usuarios, como nombre, correo electr\u00f3nico, tel\u00e9fono y cualquier otro dato proporcionado a trav\u00e9s de los formularios de contacto. 3. Finalidad del Tratamiento Los datos personales ser\u00e1n tratados con las siguientes finalidades: Responder a las solicitudes de informaci\u00f3n enviadas a trav\u00e9s del sitio web. Gesti\u00f3n y seguimiento de proyectos o servicios solicitados. Env\u00edo de comunicaciones comerciales, en caso de haberlo autorizado expresamente. 4. Legitimaci\u00f3n del Tratamiento El tratamiento de los datos personales se basa en el consentimiento del usuario, que se considera otorgado al completar y enviar los formularios de contacto disponibles en el sitio web. 5. Cesi\u00f3n de Datos Los datos personales no ser\u00e1n cedidos a terceros salvo obligaci\u00f3n legal o en los casos necesarios para la prestaci\u00f3n del servicio solicitado. 6. Derechos de los Usuarios Los usuarios tienen derecho a: Acceder a sus datos personales. Solicitar la rectificaci\u00f3n o supresi\u00f3n de sus datos. Limitar u oponerse al tratamiento de sus datos. Solicitar la portabilidad de los datos. Para ejercer estos derechos, los usuarios pueden enviar un correo electr\u00f3nico a info@nunuestudio.com o dirigirse por escrito a NUNUE SITGES SL, Av. Cam\u00ed dels Capellans 87, Baixos, 08870 Sitges. 7. Conservaci\u00f3n de los Datos Los datos personales ser\u00e1n conservados mientras se mantenga la relaci\u00f3n contractual o comercial, o durante el tiempo necesario para cumplir con las obligaciones legales aplicables. 8. Medidas de Seguridad NUNUE SITGES SL implementa las medidas t\u00e9cnicas y organizativas necesarias para garantizar la seguridad de los datos personales y evitar su alteraci\u00f3n, p\u00e9rdida, tratamiento o acceso no autorizado.","og_url":"https:\/\/nunuestudio.com\/ca\/politica-de-privacitat\/","og_site_name":"Nunue Studio | Proyectos de Interiorismo y Paisajismo","article_modified_time":"2024-12-14T12:35:51+00:00","twitter_card":"summary_large_image","twitter_misc":{"Temps estimat de lectura":"2 minuts"},"schema":{"@context":"https:\/\/schema.org","@graph":[{"@type":"WebPage","@id":"https:\/\/nunuestudio.com\/ca\/politica-de-privacitat\/","url":"https:\/\/nunuestudio.com\/ca\/politica-de-privacitat\/","name":"Pol\u00edtica de privacitat - Nunue Studio | Proyectos de Interiorismo y Paisajismo","isPartOf":{"@id":"https:\/\/nunuestudio.com\/ca\/#website"},"datePublished":"2024-10-17T22:49:57+00:00","dateModified":"2024-12-14T12:35:51+00:00","breadcrumb":{"@id":"https:\/\/nunuestudio.com\/ca\/politica-de-privacitat\/#breadcrumb"},"inLanguage":"ca","potentialAction":[{"@type":"ReadAction","target":["https:\/\/nunuestudio.com\/ca\/politica-de-privacitat\/"]}]},{"@type":"BreadcrumbList","@id":"https:\/\/nunuestudio.com\/ca\/politica-de-privacitat\/#breadcrumb","itemListElement":[{"@type":"ListItem","position":1,"name":"Portada","item":"https:\/\/nunuestudio.com\/ca\/inicio-4\/"},{"@type":"ListItem","position":2,"name":"Pol\u00edtica de privacitat"}]},{"@type":"WebSite","@id":"https:\/\/nunuestudio.com\/ca\/#website","url":"https:\/\/nunuestudio.com\/ca\/","name":"Nunue Studio | Proyectos de Interiorismo y Paisajismo","description":"Tu Idea, Nuestro Dise\u00f1o. Estudio de Interiorismo con estilo Mediterr\u00e1neo y Paisajismo Sitges, Barcelona, Costa Brava, Empord\u00e0 y Girona | Tienda de muebles","publisher":{"@id":"https:\/\/nunuestudio.com\/ca\/#organization"},"potentialAction":[{"@type":"SearchAction","target":{"@type":"EntryPoint","urlTemplate":"https:\/\/nunuestudio.com\/ca\/?s={search_term_string}"},"query-input":{"@type":"PropertyValueSpecification","valueRequired":true,"valueName":"search_term_string"}}],"inLanguage":"ca"}]}},"_links":{"self":[{"href":"https:\/\/nunuestudio.com\/ca\/wp-json\/wp\/v2\/pages\/2091"}],"collection":[{"href":"https:\/\/nunuestudio.com\/ca\/wp-json\/wp\/v2\/pages"}],"about":[{"href":"https:\/\/nunuestudio.com\/ca\/wp-json\/wp\/v2\/types\/page"}],"author":[{"embeddable":true,"href":"https:\/\/nunuestudio.com\/ca\/wp-json\/wp\/v2\/users\/5"}],"replies":[{"embeddable":true,"href":"https:\/\/nunuestudio.com\/ca\/wp-json\/wp\/v2\/comments?post=2091"}],"version-history":[{"count":0,"href":"https:\/\/nunuestudio.com\/ca\/wp-json\/wp\/v2\/pages\/2091\/revisions"}],"wp:attachment":[{"href":"https:\/\/nunuestudio.com\/ca\/wp-json\/wp\/v2\/media?parent=2091"}],"curies":[{"name":"wp","href":"https:\/\/api.w.org\/{rel}","templated":true}]}}